{"id":7832,"date":"2024-01-17T15:39:04","date_gmt":"2024-01-17T15:39:04","guid":{"rendered":"https:\/\/www.miramexxl.com\/?post_type=product&#038;p=7832"},"modified":"2024-01-17T15:49:21","modified_gmt":"2024-01-17T15:49:21","slug":"gleam-brows-serum-serum-para-el-crecimiento-de-tus-cejas","status":"publish","type":"product","link":"https:\/\/www.miramexxl.com\/en\/product\/gleam-brows-serum-serum-para-el-crecimiento-de-tus-cejas\/","title":{"rendered":"Gleam Brows S\u00e9rum &#8211; S\u00e9rum para el crecimiento de tus cejas"},"content":{"rendered":"<p>Gleam Brows S\u00e9rum favorece el crecimiento natural de las cejas.<\/p>\n<p>* Una f\u00f3rmula suave y efectiva que estimula el crecimiento natural de las cejas, consiguiendo que sean m\u00e1s largas, fuertes y densas.<br \/>\n* Principios activos de alta calidad y m\u00e1xima seguridad provenientes de un programa de investigaci\u00f3n activo.<br \/>\n* Soluci\u00f3n eficaz adaptadas a todo tipo de pieles, incluso a las m\u00e1s sensibles.<br \/>\n* Certificados de Seguridad: El estudio cl\u00ednico realizado durante 2 semanas por laboratorios independientes demostr\u00f3 la excelencia del producto en las pruebas de efectividad, en las pruebas oftalmol\u00f3gicas as\u00ed como en las dermatol\u00f3gicas.<\/p>","protected":false},"excerpt":{"rendered":"<p>Gleam Brows S\u00e9rum favorece el crecimiento natural de las cejas. * Una f\u00f3rmula suave y efectiva que estimula el crecimiento natural de las cejas, consiguiendo que sean m\u00e1s largas, fuertes y densas. * Principios activos de alta calidad y m\u00e1xima seguridad provenientes de un programa de investigaci\u00f3n activo. * Soluci\u00f3n eficaz adaptadas a todo tipo [&hellip;]<\/p>\n","protected":false},"featured_media":7833,"comment_status":"open","ping_status":"closed","template":"","meta":{"site-sidebar-layout":"default","site-content-layout":"","ast-site-content-layout":"default","site-content-style":"default","site-sidebar-style":"default","ast-global-header-display":"","ast-banner-title-visibility":"","ast-main-header-display":"","ast-hfb-above-header-display":"","ast-hfb-below-header-display":"","ast-hfb-mobile-header-display":"","site-post-title":"","ast-breadcrumbs-content":"","ast-featured-img":"","footer-sml-layout":"","ast-disable-related-posts":"","theme-transparent-header-meta":"default","adv-header-id-meta":"","stick-header-meta":"","header-above-stick-meta":"","header-main-stick-meta":"","header-below-stick-meta":"","astra-migrate-meta-layouts":"set","ast-page-background-enabled":"default","ast-page-background-meta":{"desktop":{"background-color":"var(--ast-global-color-4)","background-image":"","background-repeat":"repeat","background-position":"center center","background-size":"auto","background-attachment":"scroll","background-type":"","background-media":"","overlay-type":"","overlay-color":"","overlay-opacity":"","overlay-gradient":""},"tablet":{"background-color":"","background-image":"","background-repeat":"repeat","background-position":"center center","background-size":"auto","background-attachment":"scroll","background-type":"","background-media":"","overlay-type":"","overlay-color":"","overlay-opacity":"","overlay-gradient":""},"mobile":{"background-color":"","background-image":"","background-repeat":"repeat","background-position":"center center","background-size":"auto","background-attachment":"scroll","background-type":"","background-media":"","overlay-type":"","overlay-color":"","overlay-opacity":"","overlay-gradient":""}},"ast-content-background-meta":{"desktop":{"background-color":"var(--ast-global-color-5)","background-image":"","background-repeat":"repeat","background-position":"center center","background-size":"auto","background-attachment":"scroll","background-type":"","background-media":"","overlay-type":"","overlay-color":"","overlay-opacity":"","overlay-gradient":""},"tablet":{"background-color":"var(--ast-global-color-5)","background-image":"","background-repeat":"repeat","background-position":"center center","background-size":"auto","background-attachment":"scroll","background-type":"","background-media":"","overlay-type":"","overlay-color":"","overlay-opacity":"","overlay-gradient":""},"mobile":{"background-color":"var(--ast-global-color-5)","background-image":"","background-repeat":"repeat","background-position":"center center","background-size":"auto","background-attachment":"scroll","background-type":"","background-media":"","overlay-type":"","overlay-color":"","overlay-opacity":"","overlay-gradient":""}}},"product_brand":[],"product_cat":[32,23],"product_tag":[24],"class_list":{"0":"post-7832","1":"product","2":"type-product","3":"status-publish","4":"has-post-thumbnail","6":"product_cat-aftercare-cejas","7":"product_cat-nost","8":"product_tag-serum-crecimiento-pestanas","10":"first","11":"instock","12":"shipping-taxable","13":"purchasable","14":"product-type-simple","15":"add-to-wishlist-before_image"},"_links":{"self":[{"href":"https:\/\/www.miramexxl.com\/en\/wp-json\/wp\/v2\/product\/7832","targetHints":{"allow":["GET"]}}],"collection":[{"href":"https:\/\/www.miramexxl.com\/en\/wp-json\/wp\/v2\/product"}],"about":[{"href":"https:\/\/www.miramexxl.com\/en\/wp-json\/wp\/v2\/types\/product"}],"replies":[{"embeddable":true,"href":"https:\/\/www.miramexxl.com\/en\/wp-json\/wp\/v2\/comments?post=7832"}],"wp:featuredmedia":[{"embeddable":true,"href":"https:\/\/www.miramexxl.com\/en\/wp-json\/wp\/v2\/media\/7833"}],"wp:attachment":[{"href":"https:\/\/www.miramexxl.com\/en\/wp-json\/wp\/v2\/media?parent=7832"}],"wp:term":[{"taxonomy":"product_brand","embeddable":true,"href":"https:\/\/www.miramexxl.com\/en\/wp-json\/wp\/v2\/product_brand?post=7832"},{"taxonomy":"product_cat","embeddable":true,"href":"https:\/\/www.miramexxl.com\/en\/wp-json\/wp\/v2\/product_cat?post=7832"},{"taxonomy":"product_tag","embeddable":true,"href":"https:\/\/www.miramexxl.com\/en\/wp-json\/wp\/v2\/product_tag?post=7832"}],"curies":[{"name":"wp","href":"https:\/\/api.w.org\/{rel}","templated":true}]}}