{"id":7941,"date":"2024-04-06T02:31:11","date_gmt":"2024-04-06T02:31:11","guid":{"rendered":"https:\/\/www.miramexxl.com\/?page_id=7941"},"modified":"2024-11-27T01:12:01","modified_gmt":"2024-11-27T01:12:01","slug":"mirame-sarria","status":"publish","type":"page","link":"https:\/\/www.miramexxl.com\/en\/centros\/mirame-sarria\/","title":{"rendered":"M\u00edrame Sarri\u00e0"},"content":{"rendered":"<img decoding=\"async\" src=\"https:\/\/www.miramexxl.com\/wp-content\/uploads\/2023\/09\/Logo-M-150x150.jpg\" alt=\"Logo M\" itemprop=\"image\" height=\"150\" width=\"150\" title=\"Logo M\" onerror=\"this.style.display='none'\"  \/>\n<h1>\n\t\tJaume &#8211; M\u00edrame Sarri\u00e0\n\t<\/h1>\n\t<p>Carrer de D\u00e9u i Mata, 156, Les Corts, 08029 Barcelona, Espa\u00f1a<\/p>\n<h3>\n\t\tOffice Hours\n\t<\/h3>\n\t<p>Monday to Friday: 10 a.m. to 8 p.m.<\/p>\n<p>Saturday: 10 a.m. to 8 p.m. hours<\/p>\n<p>Sunday closed<\/p>\n\t\t\t<a href=\"https:\/\/wa.me\/+34644130092\" target=\"_blank\" rel=\"noopener\"  role=\"button\">\n\t\t\t\t\t\t\t\t\t\t\tMake an appointment by WhatsApp\n\t\t<\/a>\n\t\t\t<a href=\"tel:+34935144461\" target=\"_blank\" rel=\"noopener\"  role=\"button\">\n\t\t\t\t\t\t\t\t\t\t\tCall now\n\t\t<\/a>\n\t\t\t<a href=\"https:\/\/www.google.com\/maps\/place\/M%C3%ADrame+Barcelona+-+Extensiones+de+Pesta%C3%B1as+y+Dise%C3%B1o+de+Cejas\/@41.3907949,2.1375422,17z\/data=!4m20!1m13!4m12!1m4!2m2!1d-68.0596746!2d-16.5165474!4e1!1m6!1m2!1s0x12a4987a02af6163:0xeae9e0b81ff7725!2sCarrer+de+D%C3%A9u+i+Mata,+156,+08029+Barcelona,+Espa%C3%B1a!2m2!1d2.1401225!2d41.3907949!3m5!1s0x12a49879f80a5a4b:0x47099920040181db!8m2!3d41.3908229!4d2.1401124!16s%2Fg%2F11f08599nl?entry=ttu\" target=\"_blank\" rel=\"noopener\"  role=\"button\">\n\t\t\t\t\t\t\t\t\t\t\tHow to get\n\t\t<\/a>\n\t\t\t\t<img fetchpriority=\"high\" decoding=\"async\" src=\"https:\/\/www.miramexxl.com\/wp-content\/uploads\/2023\/11\/Uniformes-club-mirame-house-1024x683.jpg\" alt=\"Uniformes-club-mirame-house\" itemprop=\"image\" height=\"683\" width=\"1024\" title=\"Uniformes-club-mirame-house\" onerror=\"this.style.display='none'\"  \/>\n<h1>\n\t\tEYELASH EXTENSIONS\n\t<\/h1>\n\t\t\t\t<img decoding=\"async\" src=\"https:\/\/www.miramexxl.com\/wp-content\/uploads\/2023\/11\/extensionesantesydespues.png\" alt=\"extensionesantesydespues\" itemprop=\"image\" height=\"500\" width=\"600\" title=\"extensionesantesydespues\" onerror=\"this.style.display='none'\"  \/>\n\t\t\t\t<img decoding=\"async\" src=\"https:\/\/www.miramexxl.com\/wp-content\/plugins\/bb-plugin\/img\/pixel.png\" alt=\"\" itemprop=\"image\" onerror=\"this.style.display=&#039;none&#039;\" title=\"\">\n<h1>\n\t\tEYEBROW DESIGN\n\t<\/h1>\n\t\t\t\t<img loading=\"lazy\" decoding=\"async\" src=\"https:\/\/www.miramexxl.com\/wp-content\/uploads\/2021\/03\/diseno-cejas.png\" alt=\"diseno-cejas-1\" itemprop=\"image\" height=\"500\" width=\"600\" title=\"diseno-cejas-1\" onerror=\"this.style.display='none'\"  \/>\n\t\t\t\t<img decoding=\"async\" src=\"https:\/\/www.miramexxl.com\/wp-content\/plugins\/bb-plugin\/img\/pixel.png\" alt=\"\" itemprop=\"image\" onerror=\"this.style.display=&#039;none&#039;\" title=\"\">\n<h1>\n\t\tCOURSES\n\t<\/h1>\n\t\t\t\t<img loading=\"lazy\" decoding=\"async\" src=\"https:\/\/www.miramexxl.com\/wp-content\/uploads\/2023\/11\/blog-claudia.jpg\" alt=\"blog-claudia\" itemprop=\"image\" height=\"727\" width=\"1000\" title=\"blog-claudia\" onerror=\"this.style.display='none'\"  \/>\n\t\t\t\t<img decoding=\"async\" src=\"https:\/\/www.miramexxl.com\/wp-content\/plugins\/bb-plugin\/img\/pixel.png\" alt=\"\" itemprop=\"image\" onerror=\"this.style.display=&#039;none&#039;\" title=\"\">\n<h1>\n\t\tM\u00cdRAME PRODUCTS\n\t<\/h1>\n\t\t\t\t<img loading=\"lazy\" decoding=\"async\" src=\"https:\/\/www.miramexxl.com\/wp-content\/uploads\/2023\/11\/Producto-1.png\" alt=\"Producto (1)\" itemprop=\"image\" height=\"500\" width=\"600\" title=\"Producto (1)\" onerror=\"this.style.display='none'\"  \/>\n\t\t\t\t<img decoding=\"async\" src=\"https:\/\/www.miramexxl.com\/wp-content\/plugins\/bb-plugin\/img\/pixel.png\" alt=\"\" itemprop=\"image\" onerror=\"this.style.display=&#039;none&#039;\" title=\"\">","protected":false},"excerpt":{"rendered":"<p>Jaume &#8211; M\u00edrame Sarri\u00e0 Carrer de D\u00e9u i Mata, 156, Les Corts, 08029 Barcelona, Espa\u00f1a Horario de Atenci\u00f3n Lunes a viernes: 10 a.m. a 8 p.m. S\u00e1bado: 10 a.m a 8 p.m. horas Domingo: Cerrado Pide cita por WhatsApp Llama ahora C\u00f3mo llegar EXTENSIONES DE PESTA\u00d1AS DISE\u00d1O DE CEJAS CURSOS PRODUCTOS M\u00cdRAME<\/p>","protected":false},"author":1,"featured_media":0,"parent":5927,"menu_order":0,"comment_status":"closed","ping_status":"closed","template":"","meta":{"site-sidebar-layout":"default","site-content-layout":"","ast-site-content-layout":"default","site-content-style":"default","site-sidebar-style":"default","ast-global-header-display":"","ast-banner-title-visibility":"","ast-main-header-display":"","ast-hfb-above-header-display":"","ast-hfb-below-header-display":"","ast-hfb-mobile-header-display":"","site-post-title":"disabled","ast-breadcrumbs-content":"","ast-featured-img":"","footer-sml-layout":"","ast-disable-related-posts":"","theme-transparent-header-meta":"","adv-header-id-meta":"","stick-header-meta":"","header-above-stick-meta":"","header-main-stick-meta":"","header-below-stick-meta":"","astra-migrate-meta-layouts":"set","ast-page-background-enabled":"default","ast-page-background-meta":{"desktop":{"background-color":"var(--ast-global-color-4)","background-image":"","background-repeat":"repeat","background-position":"center center","background-size":"auto","background-attachment":"scroll","background-type":"","background-media":"","overlay-type":"","overlay-color":"","overlay-opacity":"","overlay-gradient":""},"tablet":{"background-color":"","background-image":"","background-repeat":"repeat","background-position":"center center","background-size":"auto","background-attachment":"scroll","background-type":"","background-media":"","overlay-type":"","overlay-color":"","overlay-opacity":"","overlay-gradient":""},"mobile":{"background-color":"","background-image":"","background-repeat":"repeat","background-position":"center center","background-size":"auto","background-attachment":"scroll","background-type":"","background-media":"","overlay-type":"","overlay-color":"","overlay-opacity":"","overlay-gradient":""}},"ast-content-background-meta":{"desktop":{"background-color":"var(--ast-global-color-5)","background-image":"","background-repeat":"repeat","background-position":"center center","background-size":"auto","background-attachment":"scroll","background-type":"","background-media":"","overlay-type":"","overlay-color":"","overlay-opacity":"","overlay-gradient":""},"tablet":{"background-color":"var(--ast-global-color-5)","background-image":"","background-repeat":"repeat","background-position":"center center","background-size":"auto","background-attachment":"scroll","background-type":"","background-media":"","overlay-type":"","overlay-color":"","overlay-opacity":"","overlay-gradient":""},"mobile":{"background-color":"var(--ast-global-color-5)","background-image":"","background-repeat":"repeat","background-position":"center center","background-size":"auto","background-attachment":"scroll","background-type":"","background-media":"","overlay-type":"","overlay-color":"","overlay-opacity":"","overlay-gradient":""}},"footnotes":""},"class_list":["post-7941","page","type-page","status-publish","hentry"],"_links":{"self":[{"href":"https:\/\/www.miramexxl.com\/en\/wp-json\/wp\/v2\/pages\/7941","targetHints":{"allow":["GET"]}}],"collection":[{"href":"https:\/\/www.miramexxl.com\/en\/wp-json\/wp\/v2\/pages"}],"about":[{"href":"https:\/\/www.miramexxl.com\/en\/wp-json\/wp\/v2\/types\/page"}],"author":[{"embeddable":true,"href":"https:\/\/www.miramexxl.com\/en\/wp-json\/wp\/v2\/users\/1"}],"replies":[{"embeddable":true,"href":"https:\/\/www.miramexxl.com\/en\/wp-json\/wp\/v2\/comments?post=7941"}],"version-history":[{"count":3,"href":"https:\/\/www.miramexxl.com\/en\/wp-json\/wp\/v2\/pages\/7941\/revisions"}],"predecessor-version":[{"id":7982,"href":"https:\/\/www.miramexxl.com\/en\/wp-json\/wp\/v2\/pages\/7941\/revisions\/7982"}],"up":[{"embeddable":true,"href":"https:\/\/www.miramexxl.com\/en\/wp-json\/wp\/v2\/pages\/5927"}],"wp:attachment":[{"href":"https:\/\/www.miramexxl.com\/en\/wp-json\/wp\/v2\/media?parent=7941"}],"curies":[{"name":"wp","href":"https:\/\/api.w.org\/{rel}","templated":true}]}}