{"id":7057,"date":"2023-08-22T03:07:40","date_gmt":"2023-08-22T03:07:40","guid":{"rendered":"https:\/\/ww2.miramexxl.com\/?page_id=7057"},"modified":"2023-11-10T21:24:08","modified_gmt":"2023-11-10T21:24:08","slug":"franquicias","status":"publish","type":"page","link":"https:\/\/www.miramexxl.com\/en\/franquicias\/","title":{"rendered":"franchise"},"content":{"rendered":"\n\n\t<meta itemprop=\"url\" content=\"https:\/\/miramexxl.com\/wp-content\/uploads\/2023\/08\/Franquicia.m4v\" \/><div style=\"width: 640px;\" class=\"wp-video\"><video class=\"wp-video-shortcode\" id=\"video-7057-1\" width=\"640\" height=\"360\" loop autoplay preload=\"metadata\" controls=\"controls\"><source type=\"video\/mp4\" src=\"https:\/\/miramexxl.com\/wp-content\/uploads\/2023\/08\/Franquicia.m4v?_=1\" \/><a href=\"https:\/\/miramexxl.com\/wp-content\/uploads\/2023\/08\/Franquicia.m4v\" target=\"_blank\" rel=\"noopener\">https:\/\/miramexxl.com\/wp-content\/uploads\/2023\/08\/Franquicia.m4v<\/a><\/video><\/div>\n\t\t\t\t<h3>Completa el formulario para solicitar m\u00e1s info y\/o descargar dossier<\/h3>\n\t\t\t\t\t\t\t\t<form data-form_id=\"7\" id=\"fluentform_7\" data-form_instance=\"ff_form_instance_7_1\" method=\"POST\"><fieldset>\n                    <legend>FormFranquincia<\/legend><input type='hidden' name='__fluent_form_embded_post_id' value='7057' \/><input type=\"hidden\" id=\"_fluentform_7_fluentformnonce\" name=\"_fluentform_7_fluentformnonce\" value=\"fcaeb081c7\" \/><input type=\"hidden\" name=\"_wp_http_referer\" value=\"\/?page_id=7057&#038;fl_builder\" \/><label for='ff_7_names_first_name_' aria-label=\"Nombres\">Nombres<\/label><input type=\"text\" name=\"names[first_name]\" id=\"ff_7_names_first_name_\" placeholder=\"Nombres\" aria-invalid=\"false\" aria-required=false\/><label for='ff_7_names_last_name_' aria-label=\"Apellidos\">Apellidos<\/label><input type=\"text\" name=\"names[last_name]\" id=\"ff_7_names_last_name_\" placeholder=\"Apellidos\" aria-invalid=\"false\" aria-required=false\/><label for='ff_7_input_text_1' aria-label=\"Empresa\">Empresa<\/label><input type=\"text\" name=\"input_text_1\" data-name=\"input_text_1\" id=\"ff_7_input_text_1\"  aria-invalid=\"false\" aria-required=false\/><label aria-label=Direcci\u00f3n>Direcci\u00f3n<\/label><label for='ff_7_address_1_city_' aria-label=\"Ciudad\">Ciudad<\/label><input type=\"text\" name=\"address_1[city]\" id=\"ff_7_address_1_city_\" placeholder=\"Ciudad\" data-key_name=\"city\"  aria-invalid=\"false\" aria-required=true\/><label for='ff_7_address_1_country_' aria-label=\"Pa\u00eds\">Pa\u00eds<\/label><select name=\"address_1[country]\" id=\"ff_7_address_1_country_\" placeholder=\"Seleccionar pa\u00eds\" data-key_name=\"country\" aria-invalid='false' aria-required=true><option value=''>Seleccionar pa\u00eds<\/option><option value='AF'>Afganist\u00e1n<\/option><option value='AL'>Albania<\/option><option value='DE'>Alemania<\/option><option value='AD'>Andorra<\/option><option value='AO'>Angola<\/option><option value='AI'>Anguila<\/option><option value='AG'>Antigua y Barbuda<\/option><option value='AQ'>Ant\u00e1rtica<\/option><option value='DZ'>Argelia<\/option><option value='AR'>Argentina<\/option><option value='AM'>Armenia<\/option><option value='AW'>Aruba<\/option><option value='AU'>Australia<\/option><option value='AT'>Austria<\/option><option value='AZ'>Azerbaiy\u00e1n<\/option><option value='BS'>Bahamas<\/option><option value='BD'>Bangladesh<\/option><option value='BB'>Barbados<\/option><option value='BH'>Bar\u00e9in<\/option><option value='PW'>Belau<\/option><option value='BZ'>Belize<\/option><option value='BJ'>Ben\u00edn<\/option><option value='BM'>Bermudas<\/option><option value='BY'>Bielorrusia<\/option><option value='BO'>Bolivia<\/option><option value='BQ'>Bonaire, San Eustaquio y Saba<\/option><option value='BA'>Bosnia y Herzegovina<\/option><option value='BW'>Botsuana<\/option><option value='BR'>Brasil<\/option><option value='BN'>Brun\u00e9i<\/option><option value='BG'>Bulgaria<\/option><option value='BF'>Burkina Faso<\/option><option value='BI'>Burundi<\/option><option value='BT'>But\u00e1n<\/option><option value='BE'>B\u00e9lgica<\/option><option value='CV'>Cabo Verde<\/option><option value='KH'>Camboya<\/option><option value='CM'>Camer\u00fan<\/option><option value='CA'>Canad\u00e1<\/option><option value='TD'>Chad<\/option><option value='CL'>Chile<\/option><option value='CN'>China<\/option><option value='CY'>Chipre<\/option><option value='CO'>Colombia<\/option><option value='KM'>Comoras<\/option><option value='KP'>Corea del Norte<\/option><option value='KR'>Corea del Sur<\/option><option value='CR'>Costa Rica<\/option><option value='CI'>Costa de Marfil<\/option><option value='HR'>Croacia<\/option><option value='CU'>Cuba<\/option><option value='CW'>Cura&ccedil;ao<\/option><option value='CD'>Democratic Republic of the Congo (Kinshasa)<\/option><option value='DK'>Dinamarca<\/option><option value='DM'>Dominica<\/option><option value='EC'>Ecuador<\/option><option value='EG'>Egipto<\/option><option value='SV'>El Salvador<\/option><option value='AE'>Emiratos \u00c1rabes Unidos<\/option><option value='ER'>Eritrea<\/option><option value='SK'>Eslovaquia<\/option><option value='SI'>Eslovenia<\/option><option value='ES'>Espa\u00f1a<\/option><option value='VI'>Estados Unidos (EE.UU.) Islas V\u00edrgenes<\/option><option value='US'>Estados Unidos (US)<\/option><option value='EE'>Estonia<\/option><option value='ET'>Etiop\u00eda<\/option><option value='FJ'>Fiji<\/option><option value='PH'>Filipinas<\/option><option value='FI'>Finlandia<\/option><option value='FR'>Francia<\/option><option value='GA'>Gab\u00f3n<\/option><option value='GM'>Gambia<\/option><option value='GE'>Georgia<\/option><option value='GH'>Ghana<\/option><option value='GI'>Gibraltar<\/option><option value='GD'>Granada<\/option><option value='GR'>Grecia<\/option><option value='GL'>Groenlandia<\/option><option value='GP'>Guadalupe<\/option><option value='GU'>Guam<\/option><option value='GT'>Guatemala<\/option><option value='GF'>Guayana Francesa<\/option><option value='GG'>Guernsey<\/option><option value='GN'>Guinea<\/option><option value='GQ'>Guinea Ecuatorial<\/option><option value='GW'>Guinea-Bis\u00e1u<\/option><option value='GY'>Guyana<\/option><option value='HT'>Hait\u00ed<\/option><option value='HN'>Honduras<\/option><option value='HK'>Hong Kong<\/option><option value='HU'>Hungr\u00eda<\/option><option value='IN'>India<\/option><option value='ID'>Indonesia<\/option><option value='IQ'>Iraq<\/option><option value='IE'>Irlanda<\/option><option value='IR'>Ir\u00e1n<\/option><option value='BV'>Isla Bouvet<\/option><option value='NF'>Isla Norfolk<\/option><option value='IM'>Isla de Man<\/option><option value='CX'>Isla de Navidad<\/option><option value='IS'>Islandia<\/option><option value='AX'>Islas Aland<\/option><option value='KY'>Islas Caim\u00e1n<\/option><option value='CC'>Islas Cocos<\/option><option value='CK'>Islas Cook<\/option><option value='FO'>Islas Faroe<\/option><option value='GS'>Islas Georgias y Sandwich del Sur<\/option><option value='HM'>Islas Heard y McDonald<\/option><option value='FK'>Islas Malvinas<\/option><option value='MP'>Islas Marianas del Norte<\/option><option value='MH'>Islas Marshall<\/option><option value='SB'>Islas Salom\u00f3n<\/option><option value='TC'>Islas Turcas y Caicos<\/option><option value='VG'>Islas V\u00edrgenes Brit\u00e1nicas<\/option><option value='UM'>Islas menores de los EE.UU.<\/option><option value='IL'>Israel<\/option><option value='IT'>Italia<\/option><option value='JM'>Jamaica<\/option><option value='JP'>Jap\u00f3n<\/option><option value='JE'>Jersey<\/option><option value='JO'>Jordania<\/option><option value='QA'>Katar<\/option><option value='KZ'>Kazajist\u00e1n<\/option><option value='KE'>Kenia<\/option><option value='KG'>Kirguist\u00e1n<\/option><option value='KI'>Kiribati<\/option><option value='XK'>Kosovo<\/option><option value='KW'>Kuwait<\/option><option value='LA'>Laos<\/option><option value='LS'>Lesoto<\/option><option value='LV'>Letonia<\/option><option value='LR'>Liberia<\/option><option value='LY'>Libia<\/option><option value='LI'>Liechtenstein<\/option><option value='LT'>Lituania<\/option><option value='LU'>Luxemburgo<\/option><option value='LB'>L\u00edbano<\/option><option value='MO'>Macao<\/option><option value='MK'>Macedonia<\/option><option value='MG'>Madagascar<\/option><option value='MY'>Malasia<\/option><option value='MW'>Malaui<\/option><option value='MV'>Maldivas<\/option><option value='ML'>Mali<\/option><option value='MT'>Malta<\/option><option value='MA'>Marruecos<\/option><option value='MQ'>Martinica<\/option><option value='MU'>Mauricio<\/option><option value='MR'>Mauritania<\/option><option value='YT'>Mayotte<\/option><option value='FM'>Micronesia<\/option><option value='MD'>Moldavia<\/option><option value='MN'>Mongolia<\/option><option value='ME'>Montenegro<\/option><option value='MS'>Montserrat<\/option><option value='MZ'>Mozambique<\/option><option value='MM'>Myanmar<\/option><option value='MX'>M\u00e9xico<\/option><option value='MC'>M\u00f3naco<\/option><option value='NA'>Namibia<\/option><option value='NR'>Nauru<\/option><option value='NP'>Nepal<\/option><option value='NI'>Nicaragua<\/option><option value='NG'>Nigeria<\/option><option value='NU'>Niue<\/option><option value='NO'>Noruega<\/option><option value='NC'>Nueva Caledonia<\/option><option value='NZ'>Nueva Zelanda<\/option><option value='NE'>N\u00edger<\/option><option value='OM'>Om\u00e1n<\/option><option value='PK'>Pakist\u00e1n<\/option><option value='PA'>Panam\u00e1<\/option><option value='PG'>Pap\u00faa Nueva Guinea<\/option><option value='PY'>Paraguay<\/option><option value='NL'>Pa\u00edses Bajos<\/option><option value='PE'>Per\u00fa<\/option><option value='PN'>Pitcairn<\/option><option value='PF'>Polinesia Francesa<\/option><option value='PL'>Polonia<\/option><option value='PT'>Portugal<\/option><option value='PR'>Puerto Rico<\/option><option value='GB'>Reino Unido (UK)<\/option><option value='CG'>Republic of the Congo (Brazzaville)<\/option><option value='CF'>Rep\u00fablica Centroafricana<\/option><option value='CZ'>Rep\u00fablica Checa<\/option><option value='DO'>Rep\u00fablica Dominicana<\/option><option value='RE'>Reunion<\/option><option value='RW'>Ruanda<\/option><option value='RO'>Ruman\u00eda<\/option><option value='RU'>Rusia<\/option><option value='KN'>Saint Kitts y Nevis<\/option><option value='WS'>Samoa<\/option><option value='AS'>Samoa Americana<\/option><option value='BL'>San Bartolom\u00e9<\/option><option value='SM'>San Marino<\/option><option value='SX'>San Mart\u00edn (parte de Holanda)<\/option><option value='MF'>San Mart\u00edn (parte francesa)<\/option><option value='PM'>San Pedro y Miquel\u00f3n<\/option><option value='VC'>San Vicente y las Granadinas<\/option><option value='SH'>Santa Helena<\/option><option value='LC'>Santa Luc\u00eda<\/option><option value='ST'>Sao Tome and Principe<\/option><option value='SA'>Saud\u00ed Arabia<\/option><option value='SN'>Senegal<\/option><option value='RS'>Serbia<\/option><option value='SC'>Seychelles<\/option><option value='SL'>Sierra Leona<\/option><option value='SG'>Singapur<\/option><option value='SY'>Siria<\/option><option value='SO'>Somalia<\/option><option value='LK'>Sri Lanka<\/option><option value='ZA'>Sud\u00e1frica<\/option><option value='SD'>Sud\u00e1n<\/option><option value='SS'>Sud\u00e1n del sur<\/option><option value='SE'>Suecia<\/option><option value='CH'>Suiza<\/option><option value='SR'>Surinam<\/option><option value='SJ'>Svalbard y Jan Mayen<\/option><option value='SZ'>Swazilandia<\/option><option value='EH'>S\u00e1hara Occidental<\/option><option value='TH'>Tailandia<\/option><option value='TW'>Taiw\u00e1n<\/option><option value='TZ'>Tanzania<\/option><option value='TJ'>Tayikist\u00e1n<\/option><option value='IO'>Territorio Brit\u00e1nico del Oc\u00e9ano \u00cdndico<\/option><option value='PS'>Territorio Palestino<\/option><option value='TF'>Tierras Australes y Ant\u00e1rticas Francesas<\/option><option value='TL'>Timor-Leste<\/option><option value='TG'>Togo<\/option><option value='TK'>Tokelau<\/option><option value='TO'>Tonga<\/option><option value='TT'>Trinidad y Tobago<\/option><option value='TM'>Turkmenist\u00e1n<\/option><option value='TR'>Turqu\u00eda<\/option><option value='TV'>Tuvalu<\/option><option value='TN'>T\u00fanez<\/option><option value='UA'>Ucrania<\/option><option value='UG'>Uganda<\/option><option value='UY'>Uruguay<\/option><option value='UZ'>Uzbekist\u00e1n<\/option><option value='VU'>Vanuatu<\/option><option value='VA'>Vaticano<\/option><option value='VE'>Venezuela<\/option><option value='VN'>Vietnam<\/option><option value='WF'>Wallis y Futuna<\/option><option value='YE'>Yemen<\/option><option value='DJ'>Yibuti<\/option><option value='ZM'>Zambia<\/option><option value='ZW'>Zimbabue<\/option><\/select><label for='ff_7_email_1' aria-label=\"Correo electr\u00f3nico\">Correo electr\u00f3nico<\/label><input type=\"email\" name=\"email_1\" id=\"ff_7_email_1\" placeholder=\"Email Address\" data-name=\"email_1\"  aria-invalid=\"false\" aria-required=true\/><label for='ff_7_input_text' aria-label=\"Tel\u00e9fono\/WhatsApp\">Tel\u00e9fono\/WhatsApp<\/label><input type=\"text\" name=\"input_text\" data-name=\"input_text\" id=\"ff_7_input_text\"  aria-invalid=\"false\" aria-required=true\/><label for='ff_7_message' aria-label=\"Mensaje\">Mensaje<\/label><textarea aria-invalid=\"false\" aria-required=true name=\"message\" id=\"ff_7_message\" placeholder=\"Mensaje\" rows=\"4\" cols=\"2\" data-name=\"message\"><\/textarea><button type=\"submit\">Descarga Dossier de Franquicia<\/button><\/fieldset><\/form>        \n\t<h3>\n\t\t\t\tFranquicia\n\t\t\t<\/h3>\n\t\t\t\n\n","protected":false},"excerpt":{"rendered":"<p>Completa el formulario para solicitar m\u00e1s info y\/o descargar dossier FormFranquincia NombresApellidosEmpresaDirecci\u00f3nCiudadPa\u00edsSeleccionar pa\u00edsAfganist\u00e1nAlbaniaAlemaniaAndorraAngolaAnguilaAntigua y BarbudaAnt\u00e1rticaArgeliaArgentinaArmeniaArubaAustraliaAustriaAzerbaiy\u00e1nBahamasBangladeshBarbadosBar\u00e9inBelauBelizeBen\u00ednBermudasBielorrusiaBoliviaBonaire, San Eustaquio y SabaBosnia y HerzegovinaBotsuanaBrasilBrun\u00e9iBulgariaBurkina FasoBurundiBut\u00e1nB\u00e9lgicaCabo VerdeCamboyaCamer\u00fanCanad\u00e1ChadChileChinaChipreColombiaComorasCorea del NorteCorea del SurCosta RicaCosta de MarfilCroaciaCubaCura&ccedil;aoDemocratic Republic of the Congo (Kinshasa)DinamarcaDominicaEcuadorEgiptoEl SalvadorEmiratos \u00c1rabes UnidosEritreaEslovaquiaEsloveniaEspa\u00f1aEstados Unidos (EE.UU.) Islas V\u00edrgenesEstados Unidos (US)EstoniaEtiop\u00edaFijiFilipinasFinlandiaFranciaGab\u00f3nGambiaGeorgiaGhanaGibraltarGranadaGreciaGroenlandiaGuadalupeGuamGuatemalaGuayana FrancesaGuernseyGuineaGuinea EcuatorialGuinea-Bis\u00e1uGuyanaHait\u00edHondurasHong KongHungr\u00edaIndiaIndonesiaIraqIrlandaIr\u00e1nIsla BouvetIsla NorfolkIsla de ManIsla de NavidadIslandiaIslas AlandIslas Caim\u00e1nIslas [&hellip;]<\/p>\n","protected":false},"author":1,"featured_media":0,"parent":0,"menu_order":0,"comment_status":"closed","ping_status":"closed","template":"","meta":{"site-sidebar-layout":"no-sidebar","site-content-layout":"page-builder","ast-site-content-layout":"full-width-container","site-content-style":"unboxed","site-sidebar-style":"unboxed","ast-global-header-display":"","ast-banner-title-visibility":"","ast-main-header-display":"","ast-hfb-above-header-display":"","ast-hfb-below-header-display":"","ast-hfb-mobile-header-display":"","site-post-title":"disabled","ast-breadcrumbs-content":"","ast-featured-img":"disabled","footer-sml-layout":"","ast-disable-related-posts":"","theme-transparent-header-meta":"disabled","adv-header-id-meta":"","stick-header-meta":"default","header-above-stick-meta":"","header-main-stick-meta":"","header-below-stick-meta":"","astra-migrate-meta-layouts":"set","ast-page-background-enabled":"default","ast-page-background-meta":{"desktop":{"background-color":"var(--ast-global-color-4)","background-image":"","background-repeat":"repeat","background-position":"center center","background-size":"auto","background-attachment":"scroll","background-type":"","background-media":"","overlay-type":"","overlay-color":"","overlay-opacity":"","overlay-gradient":""},"tablet":{"background-color":"","background-image":"","background-repeat":"repeat","background-position":"center center","background-size":"auto","background-attachment":"scroll","background-type":"","background-media":"","overlay-type":"","overlay-color":"","overlay-opacity":"","overlay-gradient":""},"mobile":{"background-color":"","background-image":"","background-repeat":"repeat","background-position":"center center","background-size":"auto","background-attachment":"scroll","background-type":"","background-media":"","overlay-type":"","overlay-color":"","overlay-opacity":"","overlay-gradient":""}},"ast-content-background-meta":{"desktop":{"background-color":"var(--ast-global-color-5)","background-image":"","background-repeat":"repeat","background-position":"center center","background-size":"auto","background-attachment":"scroll","background-type":"","background-media":"","overlay-type":"","overlay-color":"","overlay-opacity":"","overlay-gradient":""},"tablet":{"background-color":"var(--ast-global-color-5)","background-image":"","background-repeat":"repeat","background-position":"center center","background-size":"auto","background-attachment":"scroll","background-type":"","background-media":"","overlay-type":"","overlay-color":"","overlay-opacity":"","overlay-gradient":""},"mobile":{"background-color":"var(--ast-global-color-5)","background-image":"","background-repeat":"repeat","background-position":"center center","background-size":"auto","background-attachment":"scroll","background-type":"","background-media":"","overlay-type":"","overlay-color":"","overlay-opacity":"","overlay-gradient":""}},"footnotes":""},"class_list":["post-7057","page","type-page","status-publish","hentry"],"_links":{"self":[{"href":"https:\/\/www.miramexxl.com\/en\/wp-json\/wp\/v2\/pages\/7057","targetHints":{"allow":["GET"]}}],"collection":[{"href":"https:\/\/www.miramexxl.com\/en\/wp-json\/wp\/v2\/pages"}],"about":[{"href":"https:\/\/www.miramexxl.com\/en\/wp-json\/wp\/v2\/types\/page"}],"author":[{"embeddable":true,"href":"https:\/\/www.miramexxl.com\/en\/wp-json\/wp\/v2\/users\/1"}],"replies":[{"embeddable":true,"href":"https:\/\/www.miramexxl.com\/en\/wp-json\/wp\/v2\/comments?post=7057"}],"version-history":[{"count":11,"href":"https:\/\/www.miramexxl.com\/en\/wp-json\/wp\/v2\/pages\/7057\/revisions"}],"predecessor-version":[{"id":7312,"href":"https:\/\/www.miramexxl.com\/en\/wp-json\/wp\/v2\/pages\/7057\/revisions\/7312"}],"wp:attachment":[{"href":"https:\/\/www.miramexxl.com\/en\/wp-json\/wp\/v2\/media?parent=7057"}],"curies":[{"name":"wp","href":"https:\/\/api.w.org\/{rel}","templated":true}]}}