{"id":703,"date":"2017-06-30T14:47:52","date_gmt":"2017-06-30T13:47:52","guid":{"rendered":"https:\/\/ww2.miramexxl.com\/aviso-legal\/"},"modified":"2017-06-30T14:47:52","modified_gmt":"2017-06-30T13:47:52","slug":"aviso-legal","status":"publish","type":"page","link":"https:\/\/www.miramexxl.com\/en\/aviso-legal\/","title":{"rendered":"Legal warning"},"content":{"rendered":"<p>En cumplimiento de lo establecido en el art\u00edculo 10 de la Ley 34\/2002, de 11 de julio, de Servicios de la Sociedad de la Informaci\u00f3n y de Comercio Electr\u00f3nico (en adelante, LSSI-CE), se informa de modo expreso, preciso e inequ\u00edvoco, tanto a los destinatarios del servicio como a los \u00f3rganos competentes, de los siguientes aspectos relativos al prestador de servicios de la sociedad de la informaci\u00f3n:<\/p>\n<strong>Denominaci\u00f3n Social<\/strong>: M\u00cdRAME HOUSE<br \/>\n<strong>Actividad<\/strong>: Comercio al por mayor de productos de cosm\u00e9tica<br \/>\n<strong>Address<\/strong>: C. Mallorca, 237 Bis, 5\u00ba 1\u00aa<br \/>\n<strong>Web<\/strong>: miramehouse.com\n<p>M\u00cdRAME HOUSE ha adoptado las medidas y niveles de seguridad exigidas en la Ley Org\u00e1nica 15\/1999, de 13 de diciembre, sobre Datos de Car\u00e1cter Personal (LOPD) y dem\u00e1s normativa que la desarrolla. La Pol\u00edtica de Protecci\u00f3n de Datos adoptada por M\u00cdRAME HOUSE puede variar con el tiempo, debido a posibles cambios legislativos o de los criterios seguidos por la Agencia de Protecci\u00f3n de Datos. Cualquier cambio que pueda producirse al respecto, ser\u00e1 comunicado a trav\u00e9s de estas p\u00e1ginas.<\/p>\n<p>M\u00cdRAME HOUSE, adem\u00e1s, ha adoptado las medidas exigidas en la Ley de Servicios de la Sociedad de la Informaci\u00f3n y del Comercio Electr\u00f3nico (LSSICE), de 11 de julio de 2002, en el proceso de desarrollo e implantaci\u00f3n de la p\u00e1gina web www.miramexxl.com<\/p>\n<p>La informaci\u00f3n obtenida por M\u00cdRAME HOUSE a trav\u00e9s de los formularios existentes en la p\u00e1gina web www.miramexxl.com, se encuentra archivada en un fichero automatizado registrado en el Registro General de la Agencia Espa\u00f1ola de Protecci\u00f3n de Datos. Este fichero automatizado es propiedad de M\u00cdRAME HOUSE<\/p>\nLa finalidad de la recogida y tratamiento de datos es realizar acciones comerciales con los consumidores finales, publicidad de la entidad y atender las consultas y peticiones de los usuarios de la p\u00e1gina web www.miramexxl.com<br \/>\nLa cumplimentaci\u00f3n de formularios o env\u00edo de correos electr\u00f3nicos u otras comunicaciones a www.miramexxl.com, implican el consentimiento expreso del usuario al tratamiento de sus Datos de Car\u00e1cter Personal por parte de M\u00cdRAME HOUSE\n<p>Los datos personales proporcionados a M\u00cdRAME HOUSE a trav\u00e9s de la p\u00e1gina web www.miramexxl.com no ser\u00e1n cedidos a ninguna empresa ni entidad, y s\u00f3lo ser\u00e1n utilizados para dar cumplimiento a las finalidades descritas anteriormente.<\/p>\n<p>M\u00cdRAME HOUSE ha adoptado los niveles de seguridad adecuados a los datos que almacena y trata. Adem\u00e1s, M\u00cdRAME HOUSE ha instalado todos los medios y medidas t\u00e9cnicas a su alcance para garantizar la confidencialidad de los datos, evitar la p\u00e9rdida, mal uso, alteraci\u00f3n, acceso no autorizado y robo de los mismos.<\/p>\n<p>Cualquier usuario que lo desee, puede ejercitar sus derechos de acceso, rectificaci\u00f3n, cancelaci\u00f3n y oposici\u00f3n, con arreglo a lo previsto en la Ley Org\u00e1nica 15\/1999, de 13 de diciembre, sobre Datos de Car\u00e1cter Personal (LOPD) y dem\u00e1s normativa aplicable al efecto, mediante el env\u00edo de una solicitud escrita y firmada, incluyendo su nombre, apellidos y fotocopia del DNI u otro documento acreditativo v\u00e1lido, en la que se solicite el ejercicio de aquellos derechos que desee, a M\u00cdRAME HOUSE, Responsable del Fichero www.miramehouse.com, a la direcci\u00f3n: C. Mallorca, 237 Bis, 5\u00ba 1\u00aa. Barcelona. Este servicio no tendr\u00e1 coste alguno para el solicitante.<\/p>\n<p>Cuando un usuario accede a las p\u00e1ginas webs de M\u00cdRAME HOUSE, el servidor donde se encuentra alojada dichas p\u00e1ginas webs reconoce autom\u00e1ticamente la direcci\u00f3n IP que tiene asignada el ordenador que realiza la conexi\u00f3n, el d\u00eda y la hora a la que ha entrado, el d\u00eda y la hora a la que ha abandonado la conexi\u00f3n, y por qu\u00e9 partes de las p\u00e1ginas webs se ha movido. Es necesario que el servidor donde se encuentra alojada las p\u00e1ginas webs de M\u00cdRAME HOUSE conozca estos datos del ordenador del usuario porque tiene que poder comunicarse con \u00e9l para enviarle datos solicitados por el usuario a trav\u00e9s del navegador y que \u00e9ste pueda verlos en su pantalla. No es posible que de esta forma M\u00cdRAME HOUSE pueda conocer datos personales del usuario como, por ejemplo, su nombre, direcci\u00f3n, tel\u00e9fono, etc. si no ha sido el propio usuario quien los haya facilitado.<\/p>","protected":false},"excerpt":{"rendered":"<p>En cumplimiento de lo establecido en el art\u00edculo 10 de la Ley 34\/2002, de 11 de julio, de Servicios de la Sociedad de la Informaci\u00f3n y de Comercio Electr\u00f3nico (en adelante, LSSI-CE), se informa de modo expreso, preciso e inequ\u00edvoco, tanto a los destinatarios del servicio como a los \u00f3rganos competentes, de los siguientes aspectos [&hellip;]<\/p>\n","protected":false},"author":1,"featured_media":0,"parent":0,"menu_order":0,"comment_status":"closed","ping_status":"closed","template":"","meta":{"site-sidebar-layout":"default","site-content-layout":"default","ast-site-content-layout":"default","site-content-style":"default","site-sidebar-style":"default","ast-global-header-display":"","ast-banner-title-visibility":"","ast-main-header-display":"","ast-hfb-above-header-display":"","ast-hfb-below-header-display":"","ast-hfb-mobile-header-display":"","site-post-title":"","ast-breadcrumbs-content":"","ast-featured-img":"","footer-sml-layout":"","ast-disable-related-posts":"","theme-transparent-header-meta":"default","adv-header-id-meta":"","stick-header-meta":"default","header-above-stick-meta":"","header-main-stick-meta":"","header-below-stick-meta":"","astra-migrate-meta-layouts":"default","ast-page-background-enabled":"default","ast-page-background-meta":{"desktop":{"background-color":"var(--ast-global-color-4)","background-image":"","background-repeat":"repeat","background-position":"center center","background-size":"auto","background-attachment":"scroll","background-type":"","background-media":"","overlay-type":"","overlay-color":"","overlay-opacity":"","overlay-gradient":""},"tablet":{"background-color":"","background-image":"","background-repeat":"repeat","background-position":"center center","background-size":"auto","background-attachment":"scroll","background-type":"","background-media":"","overlay-type":"","overlay-color":"","overlay-opacity":"","overlay-gradient":""},"mobile":{"background-color":"","background-image":"","background-repeat":"repeat","background-position":"center center","background-size":"auto","background-attachment":"scroll","background-type":"","background-media":"","overlay-type":"","overlay-color":"","overlay-opacity":"","overlay-gradient":""}},"ast-content-background-meta":{"desktop":{"background-color":"var(--ast-global-color-5)","background-image":"","background-repeat":"repeat","background-position":"center center","background-size":"auto","background-attachment":"scroll","background-type":"","background-media":"","overlay-type":"","overlay-color":"","overlay-opacity":"","overlay-gradient":""},"tablet":{"background-color":"var(--ast-global-color-5)","background-image":"","background-repeat":"repeat","background-position":"center center","background-size":"auto","background-attachment":"scroll","background-type":"","background-media":"","overlay-type":"","overlay-color":"","overlay-opacity":"","overlay-gradient":""},"mobile":{"background-color":"var(--ast-global-color-5)","background-image":"","background-repeat":"repeat","background-position":"center center","background-size":"auto","background-attachment":"scroll","background-type":"","background-media":"","overlay-type":"","overlay-color":"","overlay-opacity":"","overlay-gradient":""}},"footnotes":""},"class_list":["post-703","page","type-page","status-publish","hentry"],"_links":{"self":[{"href":"https:\/\/www.miramexxl.com\/en\/wp-json\/wp\/v2\/pages\/703","targetHints":{"allow":["GET"]}}],"collection":[{"href":"https:\/\/www.miramexxl.com\/en\/wp-json\/wp\/v2\/pages"}],"about":[{"href":"https:\/\/www.miramexxl.com\/en\/wp-json\/wp\/v2\/types\/page"}],"author":[{"embeddable":true,"href":"https:\/\/www.miramexxl.com\/en\/wp-json\/wp\/v2\/users\/1"}],"replies":[{"embeddable":true,"href":"https:\/\/www.miramexxl.com\/en\/wp-json\/wp\/v2\/comments?post=703"}],"version-history":[{"count":0,"href":"https:\/\/www.miramexxl.com\/en\/wp-json\/wp\/v2\/pages\/703\/revisions"}],"wp:attachment":[{"href":"https:\/\/www.miramexxl.com\/en\/wp-json\/wp\/v2\/media?parent=703"}],"curies":[{"name":"wp","href":"https:\/\/api.w.org\/{rel}","templated":true}]}}