{"id":6153,"date":"2021-05-11T09:35:31","date_gmt":"2021-05-11T09:35:31","guid":{"rendered":"https:\/\/ww2.miramexxl.com\/mirame-house-team\/"},"modified":"2025-03-21T12:22:03","modified_gmt":"2025-03-21T12:22:03","slug":"mirame-equipo","status":"publish","type":"page","link":"https:\/\/www.miramexxl.com\/en\/mirame-equipo\/","title":{"rendered":"Equipment"},"content":{"rendered":"<h5>\n\t\t\t\tM\u00cdRAME\n\t\t\t<\/h5>\n\t\t\t<a href=\"#home\" target=\"_self\"   role=\"button\">\n\t\t\t\t\t\t\tGet to know them\n\t\t<\/a>\n\t\t\t\t<img decoding=\"async\" src=\"https:\/\/ww2.miramexxl.com\/wp-content\/uploads\/2021\/03\/Mirame-House-Dorado-sin-fondo-e1690156724256.png\" alt=\"Mirame-House-Dorado-sin-fondo\" itemprop=\"image\" title=\"Mirame-House-Dorado-sin-fondo\" onerror=\"this.style.display='none'\"  \/>\n\t<h2>\n\t\t\t\tABOUT US\n\t\t\t<\/h2>\n\t\t<p>Here are the hosts who make each M\u00edrame room make your experience delicately unique<\/p>\t\n\t\t\t\t<a href=\"\/centros\/mirame-house-barcelona\/\" target=\"_self\" itemprop=\"url\">\n\t\t\t\t<img decoding=\"async\" src=\"https:\/\/miramexxl.com\/wp-content\/uploads\/2023\/09\/Claudia-House-245x300.jpg\" alt=\"M\u00edrame House\" itemprop=\"image\" title=\"Claudia Romero - M\u00edrame House\" onerror=\"this.style.display='none'\"  \/>\n\t\t\t\t<\/a>\n<h2>\n\t\tClaudia &#8211; M\u00edrame House\n\t<\/h2>\n\t\t\t\t<img decoding=\"async\" src=\"https:\/\/miramexxl.com\/wp-content\/uploads\/2023\/09\/Venecia-Madrid-Almirante-300x300.jpeg\" alt=\"Venecia - Madrid (Almirante)\" itemprop=\"image\" title=\"Venecia - Madrid (Almirante)\" onerror=\"this.style.display='none'\"  \/>\n<h2>\n\t\tVenecia &#8211; M\u00edrame Almirante\n\t<\/h2>\n\t\t\t\t<img decoding=\"async\" src=\"https:\/\/miramexxl.com\/wp-content\/uploads\/2023\/09\/Taisiya-Sevilla-225x300.jpeg\" alt=\"Taisiya - Sevilla\" itemprop=\"image\" title=\"Taisiya - Sevilla\" onerror=\"this.style.display='none'\"  \/>\n<h2>\n\t\tTaisiya &#8211; M\u00edrame Sevilla\n\t<\/h2>\n\t\t\t\t<img decoding=\"async\" src=\"https:\/\/miramexxl.com\/wp-content\/uploads\/2023\/11\/Raquel-Mirame-Girona-225x300.jpg\" alt=\"Raquel - M\u00edrame Girona\" itemprop=\"image\" title=\"Raquel - M\u00edrame Girona\" onerror=\"this.style.display='none'\"  \/>\n<h2>\n\t\tRaquel y Victor- M\u00edrame Girona\n\t<\/h2>\n\t\t\t\t<img decoding=\"async\" src=\"https:\/\/miramexxl.com\/wp-content\/uploads\/2023\/09\/Venecia-Pozuelo-300x300.jpeg\" alt=\"Venecia - Pozuelo\" itemprop=\"image\" title=\"Venecia - Pozuelo\" onerror=\"this.style.display='none'\"  \/>\n<h2>\n\t\tVenecia &#8211; M\u00edrame Pozuelo\n\t<\/h2>\n\t\t\t\t<img decoding=\"async\" src=\"https:\/\/miramexxl.com\/wp-content\/uploads\/2023\/11\/Raquel-Mirame-Sabadell-225x300.jpg\" alt=\"Raquel - M\u00edrame Sabadell\" itemprop=\"image\" title=\"Raquel - M\u00edrame Sabadell\" onerror=\"this.style.display='none'\"  \/>\n<h2>\n\t\tRaquel &#8211; M\u00edrame Sabadell\n\t<\/h2>\n\t\t\t\t<img fetchpriority=\"high\" decoding=\"async\" src=\"https:\/\/www.miramexxl.com\/wp-content\/uploads\/2023\/09\/Logo-M-300x300.jpg\" alt=\"Logo M\" itemprop=\"image\" height=\"300\" width=\"300\" title=\"Logo M\" onerror=\"this.style.display='none'\"  \/>\n<h2>\n\t\tJaume &#8211; M\u00edrame Sarri\u00e0\n\t<\/h2>\n\t\t\t\t<a href=\"\/centros\/mirame-muntaner-bcn\/\" target=\"_self\" itemprop=\"url\">\n\t\t\t\t<img decoding=\"async\" src=\"https:\/\/www.miramexxl.com\/wp-content\/uploads\/2023\/09\/Logo-M.jpg\" alt=\"Logo M\" itemprop=\"image\" height=\"340\" width=\"340\" title=\"Logo M\" onerror=\"this.style.display='none'\"  \/>\n\t\t\t\t<\/a>\n<h2>\n\t\tClaudia &#8211; M\u00edrame Muntaner BCN\n\t<\/h2>\n\t<h2>\n\t\t\t\tWhere we are\n\t\t\t<\/h2>\n<h3>\n\t\tDIRECCI\u00d3N\n\t<\/h3>\n\t<p>C. Mallorca, 237 Bis, 5\u00ba 1\u00aa<br \/>08008 Barcelona<\/p>\n<h3>\n\t\tTEL\u00c9FONO\n\t<\/h3>\n<h1>\n\t\t+34 644 13 00 92\n\t<\/h1>","protected":false},"excerpt":{"rendered":"<p>M\u00cdRAME Con\u00f3celos QUIENES SOMOS Aqu\u00ed los anfitrion@s que hacen de cada sal\u00f3n M\u00edrame que tu experiencia sea delicadamente \u00fanica Claudia &#8211; M\u00edrame House Venecia &#8211; M\u00edrame Almirante Taisiya &#8211; M\u00edrame Sevilla Raquel y Victor- M\u00edrame Girona Venecia &#8211; M\u00edrame Pozuelo Raquel &#8211; M\u00edrame Sabadell Jaume &#8211; M\u00edrame Sarri\u00e0 Claudia &#8211; M\u00edrame Muntaner BCN D\u00f3nde Estamos [&hellip;]<\/p>\n","protected":false},"author":1,"featured_media":0,"parent":0,"menu_order":0,"comment_status":"closed","ping_status":"closed","template":"","meta":{"site-sidebar-layout":"no-sidebar","site-content-layout":"page-builder","ast-site-content-layout":"full-width-container","site-content-style":"unboxed","site-sidebar-style":"unboxed","ast-global-header-display":"","ast-banner-title-visibility":"","ast-main-header-display":"","ast-hfb-above-header-display":"","ast-hfb-below-header-display":"","ast-hfb-mobile-header-display":"","site-post-title":"disabled","ast-breadcrumbs-content":"","ast-featured-img":"disabled","footer-sml-layout":"","ast-disable-related-posts":"","theme-transparent-header-meta":"disabled","adv-header-id-meta":"","stick-header-meta":"default","header-above-stick-meta":"","header-main-stick-meta":"","header-below-stick-meta":"","astra-migrate-meta-layouts":"set","ast-page-background-enabled":"default","ast-page-background-meta":{"desktop":{"background-color":"var(--ast-global-color-4)","background-image":"","background-repeat":"repeat","background-position":"center center","background-size":"auto","background-attachment":"scroll","background-type":"","background-media":"","overlay-type":"","overlay-color":"","overlay-opacity":"","overlay-gradient":""},"tablet":{"background-color":"","background-image":"","background-repeat":"repeat","background-position":"center center","background-size":"auto","background-attachment":"scroll","background-type":"","background-media":"","overlay-type":"","overlay-color":"","overlay-opacity":"","overlay-gradient":""},"mobile":{"background-color":"","background-image":"","background-repeat":"repeat","background-position":"center center","background-size":"auto","background-attachment":"scroll","background-type":"","background-media":"","overlay-type":"","overlay-color":"","overlay-opacity":"","overlay-gradient":""}},"ast-content-background-meta":{"desktop":{"background-color":"var(--ast-global-color-5)","background-image":"","background-repeat":"repeat","background-position":"center center","background-size":"auto","background-attachment":"scroll","background-type":"","background-media":"","overlay-type":"","overlay-color":"","overlay-opacity":"","overlay-gradient":""},"tablet":{"background-color":"var(--ast-global-color-5)","background-image":"","background-repeat":"repeat","background-position":"center center","background-size":"auto","background-attachment":"scroll","background-type":"","background-media":"","overlay-type":"","overlay-color":"","overlay-opacity":"","overlay-gradient":""},"mobile":{"background-color":"var(--ast-global-color-5)","background-image":"","background-repeat":"repeat","background-position":"center center","background-size":"auto","background-attachment":"scroll","background-type":"","background-media":"","overlay-type":"","overlay-color":"","overlay-opacity":"","overlay-gradient":""}},"footnotes":""},"class_list":["post-6153","page","type-page","status-publish","hentry"],"_links":{"self":[{"href":"https:\/\/www.miramexxl.com\/en\/wp-json\/wp\/v2\/pages\/6153","targetHints":{"allow":["GET"]}}],"collection":[{"href":"https:\/\/www.miramexxl.com\/en\/wp-json\/wp\/v2\/pages"}],"about":[{"href":"https:\/\/www.miramexxl.com\/en\/wp-json\/wp\/v2\/types\/page"}],"author":[{"embeddable":true,"href":"https:\/\/www.miramexxl.com\/en\/wp-json\/wp\/v2\/users\/1"}],"replies":[{"embeddable":true,"href":"https:\/\/www.miramexxl.com\/en\/wp-json\/wp\/v2\/comments?post=6153"}],"version-history":[{"count":43,"href":"https:\/\/www.miramexxl.com\/en\/wp-json\/wp\/v2\/pages\/6153\/revisions"}],"predecessor-version":[{"id":8019,"href":"https:\/\/www.miramexxl.com\/en\/wp-json\/wp\/v2\/pages\/6153\/revisions\/8019"}],"wp:attachment":[{"href":"https:\/\/www.miramexxl.com\/en\/wp-json\/wp\/v2\/media?parent=6153"}],"curies":[{"name":"wp","href":"https:\/\/api.w.org\/{rel}","templated":true}]}}