{"id":5901,"date":"2021-03-23T18:38:02","date_gmt":"2021-03-23T17:38:02","guid":{"rendered":"https:\/\/miramexxl.com\/precios-servicios\/"},"modified":"2026-01-15T15:23:15","modified_gmt":"2026-01-15T15:23:15","slug":"precios-servicios","status":"publish","type":"page","link":"https:\/\/www.miramexxl.com\/en\/precios-servicios\/","title":{"rendered":"Prices Services"},"content":{"rendered":"<h1>\n\t\t\t\tPRICES\n\t\t\t<\/h1>\n\t\t\t<a href=\"#precios\" target=\"_self\"   role=\"button\">\n\t\t\t\t\t\t\tVIEW PRICES\n\t\t<\/a>\n\t\t\t\t<img decoding=\"async\" src=\"https:\/\/ww2.miramexxl.com\/wp-content\/uploads\/2021\/03\/Mirame-House-Dorado-sin-fondo-e1690156724256.png\" alt=\"Mirame-House-Dorado-sin-fondo\" itemprop=\"image\" title=\"Mirame-House-Dorado-sin-fondo\" onerror=\"this.style.display='none'\"  \/>\n\t<h2>\n\t\t\t\tPRICE LIST\n\t\t\t<\/h2>\n\t\t<p>1 TO 1 EYELASH EXTENSIONS, RUSSIAN VOLUME AND EYEBROW DESIGN<\/p>\t\n<h3>\n\t\tEYELASH EXTENSIONS\n\t<\/h3>\n\t\t\t\t<img fetchpriority=\"high\" decoding=\"async\" src=\"https:\/\/www.miramexxl.com\/wp-content\/uploads\/2023\/11\/extensionesantesydespues-1.png\" alt=\"extensionesantesydespues\" itemprop=\"image\" height=\"500\" width=\"600\" title=\"extensionesantesydespues\" onerror=\"this.style.display='none'\"  \/>\n\t<h4><strong>Classic 1 to 1 eyelash extensions<\/strong><\/h4>\n<p>An extension is added to each natural eyelash<\/p>\n<strong>Mink (100% Synthetic)<\/strong><br \/>\nPrimer tratamiento: 80\u20ac &#8211; 90 minutos \/ Club M\u00edrame: 65\u20ac<br \/>\nMantenimiento: 40\u20ac &#8211; 60 minutos \/ Club M\u00edrame: 30\u20ac\n<strong>MINK LIGHT (Synthetic and Light)<\/strong><br \/>\nPrimer tratamiento: 95\u20ac &#8211; 90 minutos \/ Club M\u00edrame: 75\u20ac<br \/>\nMantenimiento: 50\u20ac &#8211; 60 minutos \/ Club M\u00edrame: 40\u20ac\n<strong>PRINCESS (100% Vis\u00f3n)<\/strong><br \/>\nPrimer tratamiento: 150\u20ac &#8211; 90 minutos \/ Club M\u00edrame: 120\u20ac<br \/>\nMantenimiento: 70\u20ac &#8211; 60 minutos \/ Club M\u00edrame: 50\u20ac\n<h4><strong>Volumen<\/strong><\/h4>\n<p>A cada pesta\u00f1a natural se agrega 2 o m\u00e1s extensiones.<\/p>\n<strong>VOLUMEN CL\u00c1SICO<\/strong><br \/>\nPrimer tratamiento: 150\u20ac \/ Club M\u00edrame: 120\u20ac<br \/>\nMantenimientos: 75\u20ac \/ Club M\u00edrame: 60\u20ac\n<strong>VOLUMEN RUSO EFFECTS<\/strong><br \/>\n<strong>KimK \/ Foxy \/ Wetlook<\/strong><br \/>\nPrimer tratamiento: 170\u20ac &#8211; 150 minutos \/ Club M\u00edrame: 120\u20ac<br \/>\nMantenimiento: 80\u20ac &#8211; 90 minutos \/ Club M\u00edrame: 65\u20ac\n<strong>SPEED VOLUME<\/strong><br \/>\nPrimer tratamiento: 120\u20ac &#8211; 90 minutos\/ Club M\u00edrame 100\u20ac<br \/>\nMantenimiento: 65\u20ac &#8211; 60 minutos \/ Club M\u00edrame: 50\u20ac\n<strong>LIFTING Y TINTE DE PESTA\u00d1AS<br \/>\n<\/strong>Tratamiento: 55\u20ac &#8211; 45 minutos\/ Club M\u00edrame: 50\u20ac\n<strong>REMOVER EXTENSIONES DE PESTA\u00d1AS<\/strong><br \/>\nDe otro centro: 25\u20ac \/ Club M\u00edrame 15\u20ac<br \/>\n(if you do the first treatment at M\u00edrame, the price will be \u20ac15)\n\t\t\t<a href=\"#\" target=\"_self\" rel=\"nofollow\"  role=\"button\">\n\t\t\t\t\t\t\tREQUEST YOUR EYELASH EXTENSIONS APPOINTMENT\n\t\t<\/a>\n<h3>\n\t\tEYEBROW DESIGN\n\t<\/h3>\n\t\t\t\t<img decoding=\"async\" src=\"https:\/\/www.miramexxl.com\/wp-content\/uploads\/2023\/11\/diseno-cejas.png\" alt=\"diseno-cejas\" itemprop=\"image\" height=\"500\" width=\"600\" title=\"diseno-cejas\" onerror=\"this.style.display='none'\"  \/>\n\t<strong>EYEBROW DESIGN EYEBROW DESIGN<\/strong><br \/>\n25\u20ac &#8211; 30 minutos \/ Club M\u00edrame: 20\u20ac<br \/>\n(20\u20ac combinado con otro tratamiento)\n<strong>DISE\u00d1O DE CEJAS\u00a0EXPRESS:<\/strong><br \/>\n18\u20ac &#8211; 15 minutos \/ Club M\u00edrame: 15\u20ac<br \/>\n(solo depilaci\u00f3n con hilo y\/o pinza)\n<strong>BROW LAMINATION \/ CELEBRITY BROWS:<\/strong><br \/>\n55\u20ac &#8211; 45 minutos\/ Club M\u00edrame: 50\u20ac<br \/>\n(Laminado de cejas))\n\nMICROBLADING Y MICROPIGMENTACI\u00d3N<br \/>\nOjos, Cejas y Labios<br \/>\n(Consultar disponibilidad en su centro habitual)\n\t\t\t<a href=\"#\" target=\"_self\" rel=\"nofollow\"  role=\"button\">\n\t\t\t\t\t\t\tREQUEST YOUR EYEBROW DESIGN APPOINTMENT\n\t\t<\/a>\n\t\n<strong>Cejas<\/strong><br \/>\nPowder Brows 400\u20ac<br \/>\nMicroblading 400\u20ac<br \/>\nFusi\u00f3n Brows 450\u20ac\n<strong>Lips<\/strong><br \/>\nPerfilado 350\u20ac<br \/>\nFull Lips 400\u20ac\n<strong>Eyes<\/strong><br \/>\nEyeliner inferior 300\u20ac<br \/>\nEyeliner superior 350\u20ac<br \/>\nEyeliner soft touch 350\u20ac\n\t\t\t\t<a href=\"\/club-mirame\" target=\"_self\" itemprop=\"url\">\n\t\t\t\t<img decoding=\"async\" src=\"https:\/\/miramexxl.com\/wp-content\/uploads\/2023\/07\/mxxl_clubMirame.png\" alt=\"Club M\u00edrame\" itemprop=\"image\" title=\"mxxl_clubMirame\" onerror=\"this.style.display='none'\"  \/>\n\t\t\t\t<\/a>\n\t\n\t<h2>\n\t\t\t\tWhere we are\n\t\t\t<\/h2>\n<h3>\n\t\tDIRECCI\u00d3N\n\t<\/h3>\n\t<p>C. Mallorca, 237 Bis, 5\u00ba 1\u00aa<br \/>08008 Barcelona<\/p>\n<h3>\n\t\tTEL\u00c9FONO\n\t<\/h3>\n<h2>\n\t\t+34 644 13 00 92\n\t<\/h2>","protected":false},"excerpt":{"rendered":"<p>PRECIOS VER PRECIOS LISTA DE PRECIOS EXTENSIONES DE PESTA\u00d1AS 1 A 1, VOLUMEN RUSO Y DISE\u00d1O DE CEJAS EXTENSIONES DE PESTA\u00d1AS Extensiones de pesta\u00f1as Cl\u00e1sica 1 a 1 A cada pesta\u00f1a natural se agrega una extensi\u00f3n. Mink (100 % Sint\u00e9ticas) Primer tratamiento: 80\u20ac &#8211; 90 minutos \/ Club M\u00edrame: 65\u20ac Mantenimiento: 40\u20ac &#8211; 60 minutos [&hellip;]<\/p>\n","protected":false},"author":1,"featured_media":0,"parent":0,"menu_order":0,"comment_status":"closed","ping_status":"closed","template":"","meta":{"site-sidebar-layout":"no-sidebar","site-content-layout":"page-builder","ast-site-content-layout":"full-width-container","site-content-style":"unboxed","site-sidebar-style":"unboxed","ast-global-header-display":"","ast-banner-title-visibility":"","ast-main-header-display":"","ast-hfb-above-header-display":"","ast-hfb-below-header-display":"","ast-hfb-mobile-header-display":"","site-post-title":"disabled","ast-breadcrumbs-content":"","ast-featured-img":"disabled","footer-sml-layout":"","ast-disable-related-posts":"","theme-transparent-header-meta":"disabled","adv-header-id-meta":"","stick-header-meta":"default","header-above-stick-meta":"","header-main-stick-meta":"","header-below-stick-meta":"","astra-migrate-meta-layouts":"set","ast-page-background-enabled":"default","ast-page-background-meta":{"desktop":{"background-color":"var(--ast-global-color-4)","background-image":"","background-repeat":"repeat","background-position":"center center","background-size":"auto","background-attachment":"scroll","background-type":"","background-media":"","overlay-type":"","overlay-color":"","overlay-opacity":"","overlay-gradient":""},"tablet":{"background-color":"","background-image":"","background-repeat":"repeat","background-position":"center center","background-size":"auto","background-attachment":"scroll","background-type":"","background-media":"","overlay-type":"","overlay-color":"","overlay-opacity":"","overlay-gradient":""},"mobile":{"background-color":"","background-image":"","background-repeat":"repeat","background-position":"center center","background-size":"auto","background-attachment":"scroll","background-type":"","background-media":"","overlay-type":"","overlay-color":"","overlay-opacity":"","overlay-gradient":""}},"ast-content-background-meta":{"desktop":{"background-color":"var(--ast-global-color-5)","background-image":"","background-repeat":"repeat","background-position":"center center","background-size":"auto","background-attachment":"scroll","background-type":"","background-media":"","overlay-type":"","overlay-color":"","overlay-opacity":"","overlay-gradient":""},"tablet":{"background-color":"var(--ast-global-color-5)","background-image":"","background-repeat":"repeat","background-position":"center center","background-size":"auto","background-attachment":"scroll","background-type":"","background-media":"","overlay-type":"","overlay-color":"","overlay-opacity":"","overlay-gradient":""},"mobile":{"background-color":"var(--ast-global-color-5)","background-image":"","background-repeat":"repeat","background-position":"center center","background-size":"auto","background-attachment":"scroll","background-type":"","background-media":"","overlay-type":"","overlay-color":"","overlay-opacity":"","overlay-gradient":""}},"footnotes":""},"class_list":["post-5901","page","type-page","status-publish","hentry"],"_links":{"self":[{"href":"https:\/\/www.miramexxl.com\/en\/wp-json\/wp\/v2\/pages\/5901","targetHints":{"allow":["GET"]}}],"collection":[{"href":"https:\/\/www.miramexxl.com\/en\/wp-json\/wp\/v2\/pages"}],"about":[{"href":"https:\/\/www.miramexxl.com\/en\/wp-json\/wp\/v2\/types\/page"}],"author":[{"embeddable":true,"href":"https:\/\/www.miramexxl.com\/en\/wp-json\/wp\/v2\/users\/1"}],"replies":[{"embeddable":true,"href":"https:\/\/www.miramexxl.com\/en\/wp-json\/wp\/v2\/comments?post=5901"}],"version-history":[{"count":35,"href":"https:\/\/www.miramexxl.com\/en\/wp-json\/wp\/v2\/pages\/5901\/revisions"}],"predecessor-version":[{"id":8141,"href":"https:\/\/www.miramexxl.com\/en\/wp-json\/wp\/v2\/pages\/5901\/revisions\/8141"}],"wp:attachment":[{"href":"https:\/\/www.miramexxl.com\/en\/wp-json\/wp\/v2\/media?parent=5901"}],"curies":[{"name":"wp","href":"https:\/\/api.w.org\/{rel}","templated":true}]}}